{"id":24136,"date":"2024-08-26T21:47:55","date_gmt":"2024-08-26T21:47:55","guid":{"rendered":"https:\/\/live-closureslatamcatalog2.pantheonsite.io\/?post_type=product&#038;p=24136"},"modified":"2025-10-23T18:43:10","modified_gmt":"2025-10-23T18:43:10","slug":"neo","status":"publish","type":"product","link":"https:\/\/closures.latamcatalog.aptar.com\/pt\/product\/neo\/","title":{"rendered":"<p>Neo<\/p>"},"content":{"rendered":"<p>Criada com o objetivo de auxiliar e tranquilizar marcas e pais, a Neo \u00e9 uma tampa inviol\u00e1vel com uma colher medidora moldada e personaliz\u00e1vel, proporcionando uma experi\u00eancia pr\u00e1tica e higi\u00eanica. A Neo tamb\u00e9m \u00e9 a primeira tampa para nutri\u00e7\u00e3o infantil composta por mat\u00e9ria-prima renov\u00e1vel.<\/p>","protected":false},"excerpt":{"rendered":"<p>Criada com o objetivo de auxiliar e tranquilizar marcas e pais, a Neo \u00e9 uma tampa inviol\u00e1vel com uma colher medidora moldada e personaliz\u00e1vel, proporcionando uma experi\u00eancia pr\u00e1tica e higi\u00eanica. A Neo tamb\u00e9m \u00e9 a primeira tampa para nutri\u00e7\u00e3o infantil composta por mat\u00e9ria-prima renov\u00e1vel.<\/p>","protected":false},"featured_media":24216,"template":"","meta":{"_acf_changed":false,"inline_featured_image":false},"product_cat":[290,527],"product_tag":[],"class_list":{"0":"post-24136","1":"product","2":"type-product","3":"status-publish","4":"has-post-thumbnail","6":"product_cat-all","7":"product_cat-food","9":"first","10":"instock","11":"shipping-taxable","12":"product-type-simple"},"acf":[],"yoast_head":"<!-- This site is optimized with the Yoast SEO plugin v24.5 - https:\/\/yoast.com\/wordpress\/plugins\/seo\/ -->\n<title>Neo - Aptar<\/title>\n<meta name=\"robots\" content=\"noindex, follow, max-snippet:-1, max-image-preview:large, max-video-preview:-1\" \/>\n<meta property=\"og:locale\" content=\"pt_BR\" \/>\n<meta property=\"og:type\" content=\"article\" \/>\n<meta property=\"og:title\" content=\"Neo - Aptar\" \/>\n<meta property=\"og:description\" content=\"Born from the will to assist and reassure brands and parents, Neo is a tamper-evident closure that features a customizable in-molded scoop for a convenient and hygienic experience. Neo is also the first infant nutrition closure composed of renewable feedstock material.\" \/>\n<meta property=\"og:url\" content=\"https:\/\/closures.latamcatalog.aptar.com\/pt\/product\/neo\/\" \/>\n<meta property=\"og:site_name\" content=\"Aptar\" \/>\n<meta property=\"article:modified_time\" content=\"2025-10-23T18:43:10+00:00\" \/>\n<meta property=\"og:image\" content=\"https:\/\/closures.latamcatalog.aptar.com\/wp-content\/uploads\/2024\/08\/Neo2.png\" \/>\n\t<meta property=\"og:image:width\" content=\"500\" \/>\n\t<meta property=\"og:image:height\" content=\"500\" \/>\n\t<meta property=\"og:image:type\" content=\"image\/png\" \/>\n<meta name=\"twitter:card\" content=\"summary_large_image\" \/>\n<meta name=\"twitter:label1\" content=\"Est. reading time\" \/>\n\t<meta name=\"twitter:data1\" content=\"1 minute\" \/>\n<script type=\"application\/ld+json\" class=\"yoast-schema-graph\">{\"@context\":\"https:\/\/schema.org\",\"@graph\":[{\"@type\":\"WebPage\",\"@id\":\"https:\/\/closures.latamcatalog.aptar.com\/product\/neo\/\",\"url\":\"https:\/\/closures.latamcatalog.aptar.com\/product\/neo\/\",\"name\":\"Neo - Aptar\",\"isPartOf\":{\"@id\":\"https:\/\/closures.latamcatalog.aptar.com\/#website\"},\"primaryImageOfPage\":{\"@id\":\"https:\/\/closures.latamcatalog.aptar.com\/product\/neo\/#primaryimage\"},\"image\":{\"@id\":\"https:\/\/closures.latamcatalog.aptar.com\/product\/neo\/#primaryimage\"},\"thumbnailUrl\":\"https:\/\/closures.latamcatalog.aptar.com\/wp-content\/uploads\/2024\/08\/Neo2.png\",\"datePublished\":\"2024-08-26T21:47:55+00:00\",\"dateModified\":\"2025-10-23T18:43:10+00:00\",\"breadcrumb\":{\"@id\":\"https:\/\/closures.latamcatalog.aptar.com\/product\/neo\/#breadcrumb\"},\"inLanguage\":\"pt-BR\",\"potentialAction\":[{\"@type\":\"ReadAction\",\"target\":[\"https:\/\/closures.latamcatalog.aptar.com\/product\/neo\/\"]}]},{\"@type\":\"ImageObject\",\"inLanguage\":\"pt-BR\",\"@id\":\"https:\/\/closures.latamcatalog.aptar.com\/product\/neo\/#primaryimage\",\"url\":\"https:\/\/closures.latamcatalog.aptar.com\/wp-content\/uploads\/2024\/08\/Neo2.png\",\"contentUrl\":\"https:\/\/closures.latamcatalog.aptar.com\/wp-content\/uploads\/2024\/08\/Neo2.png\",\"width\":500,\"height\":500},{\"@type\":\"BreadcrumbList\",\"@id\":\"https:\/\/closures.latamcatalog.aptar.com\/product\/neo\/#breadcrumb\",\"itemListElement\":[{\"@type\":\"ListItem\",\"position\":1,\"name\":\"Home\",\"item\":\"https:\/\/closures.latamcatalog.aptar.com\/\"},{\"@type\":\"ListItem\",\"position\":2,\"name\":\"Products\",\"item\":\"https:\/\/closures.latamcatalog.aptar.com\/shop\/\"},{\"@type\":\"ListItem\",\"position\":3,\"name\":\"Neo\"}]},{\"@type\":\"WebSite\",\"@id\":\"https:\/\/closures.latamcatalog.aptar.com\/#website\",\"url\":\"https:\/\/closures.latamcatalog.aptar.com\/\",\"name\":\"Aptar\",\"description\":\"\",\"publisher\":{\"@id\":\"https:\/\/closures.latamcatalog.aptar.com\/#organization\"},\"potentialAction\":[{\"@type\":\"SearchAction\",\"target\":{\"@type\":\"EntryPoint\",\"urlTemplate\":\"https:\/\/closures.latamcatalog.aptar.com\/?s={search_term_string}\"},\"query-input\":{\"@type\":\"PropertyValueSpecification\",\"valueRequired\":true,\"valueName\":\"search_term_string\"}}],\"inLanguage\":\"pt-BR\"},{\"@type\":\"Organization\",\"@id\":\"https:\/\/closures.latamcatalog.aptar.com\/#organization\",\"name\":\"Aptar\",\"url\":\"https:\/\/closures.latamcatalog.aptar.com\/\",\"logo\":{\"@type\":\"ImageObject\",\"inLanguage\":\"pt-BR\",\"@id\":\"https:\/\/closures.latamcatalog.aptar.com\/#\/schema\/logo\/image\/\",\"url\":\"https:\/\/live-closureslatamcatalog2.pantheonsite.io\/wp-content\/uploads\/2022\/09\/00.Logo_Aptar_Closures.png\",\"contentUrl\":\"https:\/\/live-closureslatamcatalog2.pantheonsite.io\/wp-content\/uploads\/2022\/09\/00.Logo_Aptar_Closures.png\",\"width\":1448,\"height\":492,\"caption\":\"Aptar\"},\"image\":{\"@id\":\"https:\/\/closures.latamcatalog.aptar.com\/#\/schema\/logo\/image\/\"}}]}<\/script>\n<!-- \/ Yoast SEO plugin. -->","yoast_head_json":{"title":"Neo - Aptar","robots":{"index":"noindex","follow":"follow","max-snippet":"max-snippet:-1","max-image-preview":"max-image-preview:large","max-video-preview":"max-video-preview:-1"},"og_locale":"pt_BR","og_type":"article","og_title":"Neo - Aptar","og_description":"Born from the will to assist and reassure brands and parents, Neo is a tamper-evident closure that features a customizable in-molded scoop for a convenient and hygienic experience. Neo is also the first infant nutrition closure composed of renewable feedstock material.","og_url":"https:\/\/closures.latamcatalog.aptar.com\/pt\/product\/neo\/","og_site_name":"Aptar","article_modified_time":"2025-10-23T18:43:10+00:00","og_image":[{"width":500,"height":500,"url":"https:\/\/closures.latamcatalog.aptar.com\/wp-content\/uploads\/2024\/08\/Neo2.png","type":"image\/png"}],"twitter_card":"summary_large_image","twitter_misc":{"Est. reading time":"1 minute"},"schema":{"@context":"https:\/\/schema.org","@graph":[{"@type":"WebPage","@id":"https:\/\/closures.latamcatalog.aptar.com\/product\/neo\/","url":"https:\/\/closures.latamcatalog.aptar.com\/product\/neo\/","name":"Neo - Aptar","isPartOf":{"@id":"https:\/\/closures.latamcatalog.aptar.com\/#website"},"primaryImageOfPage":{"@id":"https:\/\/closures.latamcatalog.aptar.com\/product\/neo\/#primaryimage"},"image":{"@id":"https:\/\/closures.latamcatalog.aptar.com\/product\/neo\/#primaryimage"},"thumbnailUrl":"https:\/\/closures.latamcatalog.aptar.com\/wp-content\/uploads\/2024\/08\/Neo2.png","datePublished":"2024-08-26T21:47:55+00:00","dateModified":"2025-10-23T18:43:10+00:00","breadcrumb":{"@id":"https:\/\/closures.latamcatalog.aptar.com\/product\/neo\/#breadcrumb"},"inLanguage":"pt-BR","potentialAction":[{"@type":"ReadAction","target":["https:\/\/closures.latamcatalog.aptar.com\/product\/neo\/"]}]},{"@type":"ImageObject","inLanguage":"pt-BR","@id":"https:\/\/closures.latamcatalog.aptar.com\/product\/neo\/#primaryimage","url":"https:\/\/closures.latamcatalog.aptar.com\/wp-content\/uploads\/2024\/08\/Neo2.png","contentUrl":"https:\/\/closures.latamcatalog.aptar.com\/wp-content\/uploads\/2024\/08\/Neo2.png","width":500,"height":500},{"@type":"BreadcrumbList","@id":"https:\/\/closures.latamcatalog.aptar.com\/product\/neo\/#breadcrumb","itemListElement":[{"@type":"ListItem","position":1,"name":"Home","item":"https:\/\/closures.latamcatalog.aptar.com\/"},{"@type":"ListItem","position":2,"name":"Products","item":"https:\/\/closures.latamcatalog.aptar.com\/shop\/"},{"@type":"ListItem","position":3,"name":"Neo"}]},{"@type":"WebSite","@id":"https:\/\/closures.latamcatalog.aptar.com\/#website","url":"https:\/\/closures.latamcatalog.aptar.com\/","name":"Aptar","description":"","publisher":{"@id":"https:\/\/closures.latamcatalog.aptar.com\/#organization"},"potentialAction":[{"@type":"SearchAction","target":{"@type":"EntryPoint","urlTemplate":"https:\/\/closures.latamcatalog.aptar.com\/?s={search_term_string}"},"query-input":{"@type":"PropertyValueSpecification","valueRequired":true,"valueName":"search_term_string"}}],"inLanguage":"pt-BR"},{"@type":"Organization","@id":"https:\/\/closures.latamcatalog.aptar.com\/#organization","name":"Aptar","url":"https:\/\/closures.latamcatalog.aptar.com\/","logo":{"@type":"ImageObject","inLanguage":"pt-BR","@id":"https:\/\/closures.latamcatalog.aptar.com\/#\/schema\/logo\/image\/","url":"https:\/\/live-closureslatamcatalog2.pantheonsite.io\/wp-content\/uploads\/2022\/09\/00.Logo_Aptar_Closures.png","contentUrl":"https:\/\/live-closureslatamcatalog2.pantheonsite.io\/wp-content\/uploads\/2022\/09\/00.Logo_Aptar_Closures.png","width":1448,"height":492,"caption":"Aptar"},"image":{"@id":"https:\/\/closures.latamcatalog.aptar.com\/#\/schema\/logo\/image\/"}}]}},"_links":{"self":[{"href":"https:\/\/closures.latamcatalog.aptar.com\/pt\/wp-json\/wp\/v2\/product\/24136","targetHints":{"allow":["GET"]}}],"collection":[{"href":"https:\/\/closures.latamcatalog.aptar.com\/pt\/wp-json\/wp\/v2\/product"}],"about":[{"href":"https:\/\/closures.latamcatalog.aptar.com\/pt\/wp-json\/wp\/v2\/types\/product"}],"wp:featuredmedia":[{"embeddable":true,"href":"https:\/\/closures.latamcatalog.aptar.com\/pt\/wp-json\/wp\/v2\/media\/24216"}],"wp:attachment":[{"href":"https:\/\/closures.latamcatalog.aptar.com\/pt\/wp-json\/wp\/v2\/media?parent=24136"}],"wp:term":[{"taxonomy":"product_cat","embeddable":true,"href":"https:\/\/closures.latamcatalog.aptar.com\/pt\/wp-json\/wp\/v2\/product_cat?post=24136"},{"taxonomy":"product_tag","embeddable":true,"href":"https:\/\/closures.latamcatalog.aptar.com\/pt\/wp-json\/wp\/v2\/product_tag?post=24136"}],"curies":[{"name":"wp","href":"https:\/\/api.w.org\/{rel}","templated":true}]}}