{"id":22994,"date":"2024-01-01T01:28:14","date_gmt":"2024-01-01T01:28:14","guid":{"rendered":"https:\/\/live-closureslatamcatalog2.pantheonsite.io\/?post_type=product&#038;p=22994"},"modified":"2026-02-17T21:07:37","modified_gmt":"2026-02-17T21:07:37","slug":"small-symphony","status":"publish","type":"product","link":"https:\/\/closures.latamcatalog.aptar.com\/pt\/product\/small-symphony\/","title":{"rendered":"<p>Small Symphony<\/p>"},"content":{"rendered":"<p>Small Symphony \u00e9 um fecho flip top com um recesso \u00fanico e largo para os dedos que proporciona facilidade de distribui\u00e7\u00e3o. Permite orienta\u00e7\u00e3o vertical ou invertida.<\/p>","protected":false},"excerpt":{"rendered":"<p>Small Symphony \u00e9 um fecho flip top com um recesso \u00fanico e largo para os dedos que proporciona facilidade de distribui\u00e7\u00e3o. Permite orienta\u00e7\u00e3o vertical ou invertida.<\/p>","protected":false},"featured_media":23449,"template":"","meta":{"_acf_changed":false,"inline_featured_image":false},"product_cat":[290,631],"product_tag":[],"class_list":{"0":"post-22994","1":"product","2":"type-product","3":"status-publish","4":"has-post-thumbnail","6":"product_cat-all","7":"product_cat-beauty","9":"first","10":"instock","11":"shipping-taxable","12":"product-type-simple"},"acf":[],"yoast_head":"<!-- This site is optimized with the Yoast SEO plugin v24.5 - https:\/\/yoast.com\/wordpress\/plugins\/seo\/ -->\n<title>Small Symphony - Aptar<\/title>\n<meta name=\"robots\" content=\"noindex, follow, max-snippet:-1, max-image-preview:large, max-video-preview:-1\" \/>\n<meta property=\"og:locale\" content=\"pt_BR\" \/>\n<meta property=\"og:type\" content=\"article\" \/>\n<meta property=\"og:title\" content=\"Small Symphony - Aptar\" \/>\n<meta property=\"og:description\" content=\"Small Symphony is a flip top closure with a unique, wide finger recess that provides an ease of dispense. It allows for upright or inverted orientation.\" \/>\n<meta property=\"og:url\" content=\"https:\/\/closures.latamcatalog.aptar.com\/pt\/product\/small-symphony\/\" \/>\n<meta property=\"og:site_name\" content=\"Aptar\" \/>\n<meta property=\"article:modified_time\" content=\"2026-02-17T21:07:37+00:00\" \/>\n<meta property=\"og:image\" content=\"https:\/\/closures.latamcatalog.aptar.com\/wp-content\/uploads\/2024\/01\/1.Cerrada-OK-25.jpg\" \/>\n\t<meta property=\"og:image:width\" content=\"500\" \/>\n\t<meta property=\"og:image:height\" content=\"500\" \/>\n\t<meta property=\"og:image:type\" content=\"image\/jpeg\" \/>\n<meta name=\"twitter:card\" content=\"summary_large_image\" \/>\n<meta name=\"twitter:label1\" content=\"Est. reading time\" \/>\n\t<meta name=\"twitter:data1\" content=\"1 minute\" \/>\n<script type=\"application\/ld+json\" class=\"yoast-schema-graph\">{\"@context\":\"https:\/\/schema.org\",\"@graph\":[{\"@type\":\"WebPage\",\"@id\":\"https:\/\/closures.latamcatalog.aptar.com\/product\/small-symphony\/\",\"url\":\"https:\/\/closures.latamcatalog.aptar.com\/product\/small-symphony\/\",\"name\":\"Small Symphony - Aptar\",\"isPartOf\":{\"@id\":\"https:\/\/closures.latamcatalog.aptar.com\/#website\"},\"primaryImageOfPage\":{\"@id\":\"https:\/\/closures.latamcatalog.aptar.com\/product\/small-symphony\/#primaryimage\"},\"image\":{\"@id\":\"https:\/\/closures.latamcatalog.aptar.com\/product\/small-symphony\/#primaryimage\"},\"thumbnailUrl\":\"https:\/\/closures.latamcatalog.aptar.com\/wp-content\/uploads\/2024\/01\/1.Cerrada-OK-25.jpg\",\"datePublished\":\"2024-01-01T01:28:14+00:00\",\"dateModified\":\"2026-02-17T21:07:37+00:00\",\"breadcrumb\":{\"@id\":\"https:\/\/closures.latamcatalog.aptar.com\/product\/small-symphony\/#breadcrumb\"},\"inLanguage\":\"pt-BR\",\"potentialAction\":[{\"@type\":\"ReadAction\",\"target\":[\"https:\/\/closures.latamcatalog.aptar.com\/product\/small-symphony\/\"]}]},{\"@type\":\"ImageObject\",\"inLanguage\":\"pt-BR\",\"@id\":\"https:\/\/closures.latamcatalog.aptar.com\/product\/small-symphony\/#primaryimage\",\"url\":\"https:\/\/closures.latamcatalog.aptar.com\/wp-content\/uploads\/2024\/01\/1.Cerrada-OK-25.jpg\",\"contentUrl\":\"https:\/\/closures.latamcatalog.aptar.com\/wp-content\/uploads\/2024\/01\/1.Cerrada-OK-25.jpg\",\"width\":500,\"height\":500},{\"@type\":\"BreadcrumbList\",\"@id\":\"https:\/\/closures.latamcatalog.aptar.com\/product\/small-symphony\/#breadcrumb\",\"itemListElement\":[{\"@type\":\"ListItem\",\"position\":1,\"name\":\"Home\",\"item\":\"https:\/\/closures.latamcatalog.aptar.com\/\"},{\"@type\":\"ListItem\",\"position\":2,\"name\":\"Products\",\"item\":\"https:\/\/closures.latamcatalog.aptar.com\/shop\/\"},{\"@type\":\"ListItem\",\"position\":3,\"name\":\"Small Symphony\"}]},{\"@type\":\"WebSite\",\"@id\":\"https:\/\/closures.latamcatalog.aptar.com\/#website\",\"url\":\"https:\/\/closures.latamcatalog.aptar.com\/\",\"name\":\"Aptar\",\"description\":\"\",\"publisher\":{\"@id\":\"https:\/\/closures.latamcatalog.aptar.com\/#organization\"},\"potentialAction\":[{\"@type\":\"SearchAction\",\"target\":{\"@type\":\"EntryPoint\",\"urlTemplate\":\"https:\/\/closures.latamcatalog.aptar.com\/?s={search_term_string}\"},\"query-input\":{\"@type\":\"PropertyValueSpecification\",\"valueRequired\":true,\"valueName\":\"search_term_string\"}}],\"inLanguage\":\"pt-BR\"},{\"@type\":\"Organization\",\"@id\":\"https:\/\/closures.latamcatalog.aptar.com\/#organization\",\"name\":\"Aptar\",\"url\":\"https:\/\/closures.latamcatalog.aptar.com\/\",\"logo\":{\"@type\":\"ImageObject\",\"inLanguage\":\"pt-BR\",\"@id\":\"https:\/\/closures.latamcatalog.aptar.com\/#\/schema\/logo\/image\/\",\"url\":\"https:\/\/live-closureslatamcatalog2.pantheonsite.io\/wp-content\/uploads\/2022\/09\/00.Logo_Aptar_Closures.png\",\"contentUrl\":\"https:\/\/live-closureslatamcatalog2.pantheonsite.io\/wp-content\/uploads\/2022\/09\/00.Logo_Aptar_Closures.png\",\"width\":1448,\"height\":492,\"caption\":\"Aptar\"},\"image\":{\"@id\":\"https:\/\/closures.latamcatalog.aptar.com\/#\/schema\/logo\/image\/\"}}]}<\/script>\n<!-- \/ Yoast SEO plugin. -->","yoast_head_json":{"title":"Small Symphony - Aptar","robots":{"index":"noindex","follow":"follow","max-snippet":"max-snippet:-1","max-image-preview":"max-image-preview:large","max-video-preview":"max-video-preview:-1"},"og_locale":"pt_BR","og_type":"article","og_title":"Small Symphony - Aptar","og_description":"Small Symphony is a flip top closure with a unique, wide finger recess that provides an ease of dispense. It allows for upright or inverted orientation.","og_url":"https:\/\/closures.latamcatalog.aptar.com\/pt\/product\/small-symphony\/","og_site_name":"Aptar","article_modified_time":"2026-02-17T21:07:37+00:00","og_image":[{"width":500,"height":500,"url":"https:\/\/closures.latamcatalog.aptar.com\/wp-content\/uploads\/2024\/01\/1.Cerrada-OK-25.jpg","type":"image\/jpeg"}],"twitter_card":"summary_large_image","twitter_misc":{"Est. reading time":"1 minute"},"schema":{"@context":"https:\/\/schema.org","@graph":[{"@type":"WebPage","@id":"https:\/\/closures.latamcatalog.aptar.com\/product\/small-symphony\/","url":"https:\/\/closures.latamcatalog.aptar.com\/product\/small-symphony\/","name":"Small Symphony - Aptar","isPartOf":{"@id":"https:\/\/closures.latamcatalog.aptar.com\/#website"},"primaryImageOfPage":{"@id":"https:\/\/closures.latamcatalog.aptar.com\/product\/small-symphony\/#primaryimage"},"image":{"@id":"https:\/\/closures.latamcatalog.aptar.com\/product\/small-symphony\/#primaryimage"},"thumbnailUrl":"https:\/\/closures.latamcatalog.aptar.com\/wp-content\/uploads\/2024\/01\/1.Cerrada-OK-25.jpg","datePublished":"2024-01-01T01:28:14+00:00","dateModified":"2026-02-17T21:07:37+00:00","breadcrumb":{"@id":"https:\/\/closures.latamcatalog.aptar.com\/product\/small-symphony\/#breadcrumb"},"inLanguage":"pt-BR","potentialAction":[{"@type":"ReadAction","target":["https:\/\/closures.latamcatalog.aptar.com\/product\/small-symphony\/"]}]},{"@type":"ImageObject","inLanguage":"pt-BR","@id":"https:\/\/closures.latamcatalog.aptar.com\/product\/small-symphony\/#primaryimage","url":"https:\/\/closures.latamcatalog.aptar.com\/wp-content\/uploads\/2024\/01\/1.Cerrada-OK-25.jpg","contentUrl":"https:\/\/closures.latamcatalog.aptar.com\/wp-content\/uploads\/2024\/01\/1.Cerrada-OK-25.jpg","width":500,"height":500},{"@type":"BreadcrumbList","@id":"https:\/\/closures.latamcatalog.aptar.com\/product\/small-symphony\/#breadcrumb","itemListElement":[{"@type":"ListItem","position":1,"name":"Home","item":"https:\/\/closures.latamcatalog.aptar.com\/"},{"@type":"ListItem","position":2,"name":"Products","item":"https:\/\/closures.latamcatalog.aptar.com\/shop\/"},{"@type":"ListItem","position":3,"name":"Small Symphony"}]},{"@type":"WebSite","@id":"https:\/\/closures.latamcatalog.aptar.com\/#website","url":"https:\/\/closures.latamcatalog.aptar.com\/","name":"Aptar","description":"","publisher":{"@id":"https:\/\/closures.latamcatalog.aptar.com\/#organization"},"potentialAction":[{"@type":"SearchAction","target":{"@type":"EntryPoint","urlTemplate":"https:\/\/closures.latamcatalog.aptar.com\/?s={search_term_string}"},"query-input":{"@type":"PropertyValueSpecification","valueRequired":true,"valueName":"search_term_string"}}],"inLanguage":"pt-BR"},{"@type":"Organization","@id":"https:\/\/closures.latamcatalog.aptar.com\/#organization","name":"Aptar","url":"https:\/\/closures.latamcatalog.aptar.com\/","logo":{"@type":"ImageObject","inLanguage":"pt-BR","@id":"https:\/\/closures.latamcatalog.aptar.com\/#\/schema\/logo\/image\/","url":"https:\/\/live-closureslatamcatalog2.pantheonsite.io\/wp-content\/uploads\/2022\/09\/00.Logo_Aptar_Closures.png","contentUrl":"https:\/\/live-closureslatamcatalog2.pantheonsite.io\/wp-content\/uploads\/2022\/09\/00.Logo_Aptar_Closures.png","width":1448,"height":492,"caption":"Aptar"},"image":{"@id":"https:\/\/closures.latamcatalog.aptar.com\/#\/schema\/logo\/image\/"}}]}},"_links":{"self":[{"href":"https:\/\/closures.latamcatalog.aptar.com\/pt\/wp-json\/wp\/v2\/product\/22994","targetHints":{"allow":["GET"]}}],"collection":[{"href":"https:\/\/closures.latamcatalog.aptar.com\/pt\/wp-json\/wp\/v2\/product"}],"about":[{"href":"https:\/\/closures.latamcatalog.aptar.com\/pt\/wp-json\/wp\/v2\/types\/product"}],"wp:featuredmedia":[{"embeddable":true,"href":"https:\/\/closures.latamcatalog.aptar.com\/pt\/wp-json\/wp\/v2\/media\/23449"}],"wp:attachment":[{"href":"https:\/\/closures.latamcatalog.aptar.com\/pt\/wp-json\/wp\/v2\/media?parent=22994"}],"wp:term":[{"taxonomy":"product_cat","embeddable":true,"href":"https:\/\/closures.latamcatalog.aptar.com\/pt\/wp-json\/wp\/v2\/product_cat?post=22994"},{"taxonomy":"product_tag","embeddable":true,"href":"https:\/\/closures.latamcatalog.aptar.com\/pt\/wp-json\/wp\/v2\/product_tag?post=22994"}],"curies":[{"name":"wp","href":"https:\/\/api.w.org\/{rel}","templated":true}]}}