{"id":22990,"date":"2024-01-01T01:27:16","date_gmt":"2024-01-01T01:27:16","guid":{"rendered":"https:\/\/live-closureslatamcatalog2.pantheonsite.io\/?post_type=product&#038;p=22990"},"modified":"2026-02-17T21:08:55","modified_gmt":"2026-02-17T21:08:55","slug":"large-gemini","status":"publish","type":"product","link":"https:\/\/closures.latamcatalog.aptar.com\/pt\/product\/large-gemini\/","title":{"rendered":"<p>Large Gemini<\/p>"},"content":{"rendered":"<p>Large Gemini possui um recesso ergon\u00f4mico para os dedos que permite uma abertura f\u00e1cil?. O design Large Gemini permite embalagem invertida? e melhora a experi\u00eancia do consumidor com distribui\u00e7\u00e3o controlada. Est\u00e1 dispon\u00edvel com a tecnologia de v\u00e1lvula SimpliSqueeze\u00ae, a v\u00e1lvula de controle de fluxo totalmente recicl\u00e1vel da Aptar?. Suas linhas elegantes e simples tornam esta tampa ideal para produtos do mercado de beleza.<\/p>","protected":false},"excerpt":{"rendered":"<p>Large Gemini possui um recesso ergon\u00f4mico para os dedos que permite uma abertura f\u00e1cil?. O design Large Gemini permite embalagem invertida? e melhora a experi\u00eancia do consumidor com distribui\u00e7\u00e3o controlada. Est\u00e1 dispon\u00edvel com a tecnologia de v\u00e1lvula SimpliSqueeze\u00ae, a v\u00e1lvula de controle de fluxo totalmente recicl\u00e1vel da Aptar?. Suas linhas elegantes e simples tornam esta tampa ideal para produtos do mercado de beleza.<\/p>","protected":false},"featured_media":23451,"template":"","meta":{"_acf_changed":false,"inline_featured_image":false},"product_cat":[290,631],"product_tag":[],"class_list":{"0":"post-22990","1":"product","2":"type-product","3":"status-publish","4":"has-post-thumbnail","6":"product_cat-all","7":"product_cat-beauty","9":"first","10":"instock","11":"shipping-taxable","12":"product-type-simple"},"acf":[],"yoast_head":"<!-- This site is optimized with the Yoast SEO plugin v24.5 - https:\/\/yoast.com\/wordpress\/plugins\/seo\/ -->\n<title>Large Gemini - Aptar<\/title>\n<meta name=\"robots\" content=\"noindex, follow, max-snippet:-1, max-image-preview:large, max-video-preview:-1\" \/>\n<meta property=\"og:locale\" content=\"pt_BR\" \/>\n<meta property=\"og:type\" content=\"article\" \/>\n<meta property=\"og:title\" content=\"Large Gemini - Aptar\" \/>\n<meta property=\"og:description\" content=\"Large Gemini has an ergonomic finger recess that enables an easy opening\u200b. The Large Gemini design allows inverted packaging\u200b and enhances the consumer experience with controlled dispensing. It is available with SimpliSqueeze\u00ae valve technology, Aptar&#8217;s fully recyclable flow control valve\u200b. Its elegant and simple lines make this closure ideal for products in the beauty market.\" \/>\n<meta property=\"og:url\" content=\"https:\/\/closures.latamcatalog.aptar.com\/pt\/product\/large-gemini\/\" \/>\n<meta property=\"og:site_name\" content=\"Aptar\" \/>\n<meta property=\"article:modified_time\" content=\"2026-02-17T21:08:55+00:00\" \/>\n<meta property=\"og:image\" content=\"https:\/\/closures.latamcatalog.aptar.com\/wp-content\/uploads\/2024\/01\/1.Cerrada3.jpg\" \/>\n\t<meta property=\"og:image:width\" content=\"500\" \/>\n\t<meta property=\"og:image:height\" content=\"500\" \/>\n\t<meta property=\"og:image:type\" content=\"image\/jpeg\" \/>\n<meta name=\"twitter:card\" content=\"summary_large_image\" \/>\n<meta name=\"twitter:label1\" content=\"Est. reading time\" \/>\n\t<meta name=\"twitter:data1\" content=\"1 minute\" \/>\n<script type=\"application\/ld+json\" class=\"yoast-schema-graph\">{\"@context\":\"https:\/\/schema.org\",\"@graph\":[{\"@type\":\"WebPage\",\"@id\":\"https:\/\/closures.latamcatalog.aptar.com\/product\/large-gemini\/\",\"url\":\"https:\/\/closures.latamcatalog.aptar.com\/product\/large-gemini\/\",\"name\":\"Large Gemini - Aptar\",\"isPartOf\":{\"@id\":\"https:\/\/closures.latamcatalog.aptar.com\/#website\"},\"primaryImageOfPage\":{\"@id\":\"https:\/\/closures.latamcatalog.aptar.com\/product\/large-gemini\/#primaryimage\"},\"image\":{\"@id\":\"https:\/\/closures.latamcatalog.aptar.com\/product\/large-gemini\/#primaryimage\"},\"thumbnailUrl\":\"https:\/\/closures.latamcatalog.aptar.com\/wp-content\/uploads\/2024\/01\/1.Cerrada3.jpg\",\"datePublished\":\"2024-01-01T01:27:16+00:00\",\"dateModified\":\"2026-02-17T21:08:55+00:00\",\"breadcrumb\":{\"@id\":\"https:\/\/closures.latamcatalog.aptar.com\/product\/large-gemini\/#breadcrumb\"},\"inLanguage\":\"pt-BR\",\"potentialAction\":[{\"@type\":\"ReadAction\",\"target\":[\"https:\/\/closures.latamcatalog.aptar.com\/product\/large-gemini\/\"]}]},{\"@type\":\"ImageObject\",\"inLanguage\":\"pt-BR\",\"@id\":\"https:\/\/closures.latamcatalog.aptar.com\/product\/large-gemini\/#primaryimage\",\"url\":\"https:\/\/closures.latamcatalog.aptar.com\/wp-content\/uploads\/2024\/01\/1.Cerrada3.jpg\",\"contentUrl\":\"https:\/\/closures.latamcatalog.aptar.com\/wp-content\/uploads\/2024\/01\/1.Cerrada3.jpg\",\"width\":500,\"height\":500},{\"@type\":\"BreadcrumbList\",\"@id\":\"https:\/\/closures.latamcatalog.aptar.com\/product\/large-gemini\/#breadcrumb\",\"itemListElement\":[{\"@type\":\"ListItem\",\"position\":1,\"name\":\"Home\",\"item\":\"https:\/\/closures.latamcatalog.aptar.com\/\"},{\"@type\":\"ListItem\",\"position\":2,\"name\":\"Products\",\"item\":\"https:\/\/closures.latamcatalog.aptar.com\/shop\/\"},{\"@type\":\"ListItem\",\"position\":3,\"name\":\"Large Gemini\"}]},{\"@type\":\"WebSite\",\"@id\":\"https:\/\/closures.latamcatalog.aptar.com\/#website\",\"url\":\"https:\/\/closures.latamcatalog.aptar.com\/\",\"name\":\"Aptar\",\"description\":\"\",\"publisher\":{\"@id\":\"https:\/\/closures.latamcatalog.aptar.com\/#organization\"},\"potentialAction\":[{\"@type\":\"SearchAction\",\"target\":{\"@type\":\"EntryPoint\",\"urlTemplate\":\"https:\/\/closures.latamcatalog.aptar.com\/?s={search_term_string}\"},\"query-input\":{\"@type\":\"PropertyValueSpecification\",\"valueRequired\":true,\"valueName\":\"search_term_string\"}}],\"inLanguage\":\"pt-BR\"},{\"@type\":\"Organization\",\"@id\":\"https:\/\/closures.latamcatalog.aptar.com\/#organization\",\"name\":\"Aptar\",\"url\":\"https:\/\/closures.latamcatalog.aptar.com\/\",\"logo\":{\"@type\":\"ImageObject\",\"inLanguage\":\"pt-BR\",\"@id\":\"https:\/\/closures.latamcatalog.aptar.com\/#\/schema\/logo\/image\/\",\"url\":\"https:\/\/live-closureslatamcatalog2.pantheonsite.io\/wp-content\/uploads\/2022\/09\/00.Logo_Aptar_Closures.png\",\"contentUrl\":\"https:\/\/live-closureslatamcatalog2.pantheonsite.io\/wp-content\/uploads\/2022\/09\/00.Logo_Aptar_Closures.png\",\"width\":1448,\"height\":492,\"caption\":\"Aptar\"},\"image\":{\"@id\":\"https:\/\/closures.latamcatalog.aptar.com\/#\/schema\/logo\/image\/\"}}]}<\/script>\n<!-- \/ Yoast SEO plugin. -->","yoast_head_json":{"title":"Large Gemini - Aptar","robots":{"index":"noindex","follow":"follow","max-snippet":"max-snippet:-1","max-image-preview":"max-image-preview:large","max-video-preview":"max-video-preview:-1"},"og_locale":"pt_BR","og_type":"article","og_title":"Large Gemini - Aptar","og_description":"Large Gemini has an ergonomic finger recess that enables an easy opening\u200b. The Large Gemini design allows inverted packaging\u200b and enhances the consumer experience with controlled dispensing. It is available with SimpliSqueeze\u00ae valve technology, Aptar&#8217;s fully recyclable flow control valve\u200b. Its elegant and simple lines make this closure ideal for products in the beauty market.","og_url":"https:\/\/closures.latamcatalog.aptar.com\/pt\/product\/large-gemini\/","og_site_name":"Aptar","article_modified_time":"2026-02-17T21:08:55+00:00","og_image":[{"width":500,"height":500,"url":"https:\/\/closures.latamcatalog.aptar.com\/wp-content\/uploads\/2024\/01\/1.Cerrada3.jpg","type":"image\/jpeg"}],"twitter_card":"summary_large_image","twitter_misc":{"Est. reading time":"1 minute"},"schema":{"@context":"https:\/\/schema.org","@graph":[{"@type":"WebPage","@id":"https:\/\/closures.latamcatalog.aptar.com\/product\/large-gemini\/","url":"https:\/\/closures.latamcatalog.aptar.com\/product\/large-gemini\/","name":"Large Gemini - Aptar","isPartOf":{"@id":"https:\/\/closures.latamcatalog.aptar.com\/#website"},"primaryImageOfPage":{"@id":"https:\/\/closures.latamcatalog.aptar.com\/product\/large-gemini\/#primaryimage"},"image":{"@id":"https:\/\/closures.latamcatalog.aptar.com\/product\/large-gemini\/#primaryimage"},"thumbnailUrl":"https:\/\/closures.latamcatalog.aptar.com\/wp-content\/uploads\/2024\/01\/1.Cerrada3.jpg","datePublished":"2024-01-01T01:27:16+00:00","dateModified":"2026-02-17T21:08:55+00:00","breadcrumb":{"@id":"https:\/\/closures.latamcatalog.aptar.com\/product\/large-gemini\/#breadcrumb"},"inLanguage":"pt-BR","potentialAction":[{"@type":"ReadAction","target":["https:\/\/closures.latamcatalog.aptar.com\/product\/large-gemini\/"]}]},{"@type":"ImageObject","inLanguage":"pt-BR","@id":"https:\/\/closures.latamcatalog.aptar.com\/product\/large-gemini\/#primaryimage","url":"https:\/\/closures.latamcatalog.aptar.com\/wp-content\/uploads\/2024\/01\/1.Cerrada3.jpg","contentUrl":"https:\/\/closures.latamcatalog.aptar.com\/wp-content\/uploads\/2024\/01\/1.Cerrada3.jpg","width":500,"height":500},{"@type":"BreadcrumbList","@id":"https:\/\/closures.latamcatalog.aptar.com\/product\/large-gemini\/#breadcrumb","itemListElement":[{"@type":"ListItem","position":1,"name":"Home","item":"https:\/\/closures.latamcatalog.aptar.com\/"},{"@type":"ListItem","position":2,"name":"Products","item":"https:\/\/closures.latamcatalog.aptar.com\/shop\/"},{"@type":"ListItem","position":3,"name":"Large Gemini"}]},{"@type":"WebSite","@id":"https:\/\/closures.latamcatalog.aptar.com\/#website","url":"https:\/\/closures.latamcatalog.aptar.com\/","name":"Aptar","description":"","publisher":{"@id":"https:\/\/closures.latamcatalog.aptar.com\/#organization"},"potentialAction":[{"@type":"SearchAction","target":{"@type":"EntryPoint","urlTemplate":"https:\/\/closures.latamcatalog.aptar.com\/?s={search_term_string}"},"query-input":{"@type":"PropertyValueSpecification","valueRequired":true,"valueName":"search_term_string"}}],"inLanguage":"pt-BR"},{"@type":"Organization","@id":"https:\/\/closures.latamcatalog.aptar.com\/#organization","name":"Aptar","url":"https:\/\/closures.latamcatalog.aptar.com\/","logo":{"@type":"ImageObject","inLanguage":"pt-BR","@id":"https:\/\/closures.latamcatalog.aptar.com\/#\/schema\/logo\/image\/","url":"https:\/\/live-closureslatamcatalog2.pantheonsite.io\/wp-content\/uploads\/2022\/09\/00.Logo_Aptar_Closures.png","contentUrl":"https:\/\/live-closureslatamcatalog2.pantheonsite.io\/wp-content\/uploads\/2022\/09\/00.Logo_Aptar_Closures.png","width":1448,"height":492,"caption":"Aptar"},"image":{"@id":"https:\/\/closures.latamcatalog.aptar.com\/#\/schema\/logo\/image\/"}}]}},"_links":{"self":[{"href":"https:\/\/closures.latamcatalog.aptar.com\/pt\/wp-json\/wp\/v2\/product\/22990","targetHints":{"allow":["GET"]}}],"collection":[{"href":"https:\/\/closures.latamcatalog.aptar.com\/pt\/wp-json\/wp\/v2\/product"}],"about":[{"href":"https:\/\/closures.latamcatalog.aptar.com\/pt\/wp-json\/wp\/v2\/types\/product"}],"wp:featuredmedia":[{"embeddable":true,"href":"https:\/\/closures.latamcatalog.aptar.com\/pt\/wp-json\/wp\/v2\/media\/23451"}],"wp:attachment":[{"href":"https:\/\/closures.latamcatalog.aptar.com\/pt\/wp-json\/wp\/v2\/media?parent=22990"}],"wp:term":[{"taxonomy":"product_cat","embeddable":true,"href":"https:\/\/closures.latamcatalog.aptar.com\/pt\/wp-json\/wp\/v2\/product_cat?post=22990"},{"taxonomy":"product_tag","embeddable":true,"href":"https:\/\/closures.latamcatalog.aptar.com\/pt\/wp-json\/wp\/v2\/product_tag?post=22990"}],"curies":[{"name":"wp","href":"https:\/\/api.w.org\/{rel}","templated":true}]}}