{"id":22779,"date":"2024-01-01T01:21:28","date_gmt":"2024-01-01T01:21:28","guid":{"rendered":"https:\/\/live-closureslatamcatalog2.pantheonsite.io\/?post_type=product&#038;p=22779"},"modified":"2025-10-23T18:55:46","modified_gmt":"2025-10-23T18:55:46","slug":"habanero","status":"publish","type":"product","link":"https:\/\/closures.latamcatalog.aptar.com\/pt\/product\/habanero\/","title":{"rendered":"<p>Habanero<\/p>"},"content":{"rendered":"<p>Habanero \u00e9 o fechamento perfeito para servir molhos e condimentos. Dispon\u00edvel com v\u00e1rios tamanhos de orif\u00edcio, pode acomodar facilmente produtos com diversas viscosidades.<\/p>","protected":false},"excerpt":{"rendered":"<p>Habanero \u00e9 o fechamento perfeito para servir molhos e condimentos. Dispon\u00edvel com v\u00e1rios tamanhos de orif\u00edcio, pode acomodar facilmente produtos com diversas viscosidades.<\/p>","protected":false},"featured_media":23460,"template":"","meta":{"_acf_changed":false,"inline_featured_image":false},"product_cat":[290,527],"product_tag":[],"class_list":{"0":"post-22779","1":"product","2":"type-product","3":"status-publish","4":"has-post-thumbnail","6":"product_cat-all","7":"product_cat-food","9":"first","10":"instock","11":"shipping-taxable","12":"product-type-simple"},"acf":[],"yoast_head":"<!-- This site is optimized with the Yoast SEO plugin v24.5 - https:\/\/yoast.com\/wordpress\/plugins\/seo\/ -->\n<title>Habanero - Aptar<\/title>\n<meta name=\"robots\" content=\"noindex, follow, max-snippet:-1, max-image-preview:large, max-video-preview:-1\" \/>\n<meta property=\"og:locale\" content=\"pt_BR\" \/>\n<meta property=\"og:type\" content=\"article\" \/>\n<meta property=\"og:title\" content=\"Habanero - Aptar\" \/>\n<meta property=\"og:description\" content=\"Habanero is the perfect closure for pouring sauces and condiments. Available with multiple orifice sizes, it can easily accommodate products with various viscosities.\" \/>\n<meta property=\"og:url\" content=\"https:\/\/closures.latamcatalog.aptar.com\/pt\/product\/habanero\/\" \/>\n<meta property=\"og:site_name\" content=\"Aptar\" \/>\n<meta property=\"article:modified_time\" content=\"2025-10-23T18:55:46+00:00\" \/>\n<meta property=\"og:image\" content=\"https:\/\/closures.latamcatalog.aptar.com\/wp-content\/uploads\/2024\/01\/1.Cerrada-OK-27.jpg\" \/>\n\t<meta property=\"og:image:width\" content=\"500\" \/>\n\t<meta property=\"og:image:height\" content=\"500\" \/>\n\t<meta property=\"og:image:type\" content=\"image\/jpeg\" \/>\n<meta name=\"twitter:card\" content=\"summary_large_image\" \/>\n<meta name=\"twitter:label1\" content=\"Est. reading time\" \/>\n\t<meta name=\"twitter:data1\" content=\"1 minute\" \/>\n<script type=\"application\/ld+json\" class=\"yoast-schema-graph\">{\"@context\":\"https:\/\/schema.org\",\"@graph\":[{\"@type\":\"WebPage\",\"@id\":\"https:\/\/closures.latamcatalog.aptar.com\/es\/product\/habanero\/\",\"url\":\"https:\/\/closures.latamcatalog.aptar.com\/es\/product\/habanero\/\",\"name\":\"Habanero - Aptar\",\"isPartOf\":{\"@id\":\"https:\/\/closures.latamcatalog.aptar.com\/#website\"},\"primaryImageOfPage\":{\"@id\":\"https:\/\/closures.latamcatalog.aptar.com\/es\/product\/habanero\/#primaryimage\"},\"image\":{\"@id\":\"https:\/\/closures.latamcatalog.aptar.com\/es\/product\/habanero\/#primaryimage\"},\"thumbnailUrl\":\"https:\/\/closures.latamcatalog.aptar.com\/wp-content\/uploads\/2024\/01\/1.Cerrada-OK-27.jpg\",\"datePublished\":\"2024-01-01T01:21:28+00:00\",\"dateModified\":\"2025-10-23T18:55:46+00:00\",\"breadcrumb\":{\"@id\":\"https:\/\/closures.latamcatalog.aptar.com\/es\/product\/habanero\/#breadcrumb\"},\"inLanguage\":\"pt-BR\",\"potentialAction\":[{\"@type\":\"ReadAction\",\"target\":[\"https:\/\/closures.latamcatalog.aptar.com\/es\/product\/habanero\/\"]}]},{\"@type\":\"ImageObject\",\"inLanguage\":\"pt-BR\",\"@id\":\"https:\/\/closures.latamcatalog.aptar.com\/es\/product\/habanero\/#primaryimage\",\"url\":\"https:\/\/closures.latamcatalog.aptar.com\/wp-content\/uploads\/2024\/01\/1.Cerrada-OK-27.jpg\",\"contentUrl\":\"https:\/\/closures.latamcatalog.aptar.com\/wp-content\/uploads\/2024\/01\/1.Cerrada-OK-27.jpg\",\"width\":500,\"height\":500},{\"@type\":\"BreadcrumbList\",\"@id\":\"https:\/\/closures.latamcatalog.aptar.com\/es\/product\/habanero\/#breadcrumb\",\"itemListElement\":[{\"@type\":\"ListItem\",\"position\":1,\"name\":\"Home\",\"item\":\"https:\/\/closures.latamcatalog.aptar.com\/\"},{\"@type\":\"ListItem\",\"position\":2,\"name\":\"Products\",\"item\":\"https:\/\/closures.latamcatalog.aptar.com\/shop\/\"},{\"@type\":\"ListItem\",\"position\":3,\"name\":\"Habanero\"}]},{\"@type\":\"WebSite\",\"@id\":\"https:\/\/closures.latamcatalog.aptar.com\/#website\",\"url\":\"https:\/\/closures.latamcatalog.aptar.com\/\",\"name\":\"Aptar\",\"description\":\"\",\"publisher\":{\"@id\":\"https:\/\/closures.latamcatalog.aptar.com\/#organization\"},\"potentialAction\":[{\"@type\":\"SearchAction\",\"target\":{\"@type\":\"EntryPoint\",\"urlTemplate\":\"https:\/\/closures.latamcatalog.aptar.com\/?s={search_term_string}\"},\"query-input\":{\"@type\":\"PropertyValueSpecification\",\"valueRequired\":true,\"valueName\":\"search_term_string\"}}],\"inLanguage\":\"pt-BR\"},{\"@type\":\"Organization\",\"@id\":\"https:\/\/closures.latamcatalog.aptar.com\/#organization\",\"name\":\"Aptar\",\"url\":\"https:\/\/closures.latamcatalog.aptar.com\/\",\"logo\":{\"@type\":\"ImageObject\",\"inLanguage\":\"pt-BR\",\"@id\":\"https:\/\/closures.latamcatalog.aptar.com\/#\/schema\/logo\/image\/\",\"url\":\"https:\/\/live-closureslatamcatalog2.pantheonsite.io\/wp-content\/uploads\/2022\/09\/00.Logo_Aptar_Closures.png\",\"contentUrl\":\"https:\/\/live-closureslatamcatalog2.pantheonsite.io\/wp-content\/uploads\/2022\/09\/00.Logo_Aptar_Closures.png\",\"width\":1448,\"height\":492,\"caption\":\"Aptar\"},\"image\":{\"@id\":\"https:\/\/closures.latamcatalog.aptar.com\/#\/schema\/logo\/image\/\"}}]}<\/script>\n<!-- \/ Yoast SEO plugin. -->","yoast_head_json":{"title":"Habanero - Aptar","robots":{"index":"noindex","follow":"follow","max-snippet":"max-snippet:-1","max-image-preview":"max-image-preview:large","max-video-preview":"max-video-preview:-1"},"og_locale":"pt_BR","og_type":"article","og_title":"Habanero - Aptar","og_description":"Habanero is the perfect closure for pouring sauces and condiments. Available with multiple orifice sizes, it can easily accommodate products with various viscosities.","og_url":"https:\/\/closures.latamcatalog.aptar.com\/pt\/product\/habanero\/","og_site_name":"Aptar","article_modified_time":"2025-10-23T18:55:46+00:00","og_image":[{"width":500,"height":500,"url":"https:\/\/closures.latamcatalog.aptar.com\/wp-content\/uploads\/2024\/01\/1.Cerrada-OK-27.jpg","type":"image\/jpeg"}],"twitter_card":"summary_large_image","twitter_misc":{"Est. reading time":"1 minute"},"schema":{"@context":"https:\/\/schema.org","@graph":[{"@type":"WebPage","@id":"https:\/\/closures.latamcatalog.aptar.com\/es\/product\/habanero\/","url":"https:\/\/closures.latamcatalog.aptar.com\/es\/product\/habanero\/","name":"Habanero - Aptar","isPartOf":{"@id":"https:\/\/closures.latamcatalog.aptar.com\/#website"},"primaryImageOfPage":{"@id":"https:\/\/closures.latamcatalog.aptar.com\/es\/product\/habanero\/#primaryimage"},"image":{"@id":"https:\/\/closures.latamcatalog.aptar.com\/es\/product\/habanero\/#primaryimage"},"thumbnailUrl":"https:\/\/closures.latamcatalog.aptar.com\/wp-content\/uploads\/2024\/01\/1.Cerrada-OK-27.jpg","datePublished":"2024-01-01T01:21:28+00:00","dateModified":"2025-10-23T18:55:46+00:00","breadcrumb":{"@id":"https:\/\/closures.latamcatalog.aptar.com\/es\/product\/habanero\/#breadcrumb"},"inLanguage":"pt-BR","potentialAction":[{"@type":"ReadAction","target":["https:\/\/closures.latamcatalog.aptar.com\/es\/product\/habanero\/"]}]},{"@type":"ImageObject","inLanguage":"pt-BR","@id":"https:\/\/closures.latamcatalog.aptar.com\/es\/product\/habanero\/#primaryimage","url":"https:\/\/closures.latamcatalog.aptar.com\/wp-content\/uploads\/2024\/01\/1.Cerrada-OK-27.jpg","contentUrl":"https:\/\/closures.latamcatalog.aptar.com\/wp-content\/uploads\/2024\/01\/1.Cerrada-OK-27.jpg","width":500,"height":500},{"@type":"BreadcrumbList","@id":"https:\/\/closures.latamcatalog.aptar.com\/es\/product\/habanero\/#breadcrumb","itemListElement":[{"@type":"ListItem","position":1,"name":"Home","item":"https:\/\/closures.latamcatalog.aptar.com\/"},{"@type":"ListItem","position":2,"name":"Products","item":"https:\/\/closures.latamcatalog.aptar.com\/shop\/"},{"@type":"ListItem","position":3,"name":"Habanero"}]},{"@type":"WebSite","@id":"https:\/\/closures.latamcatalog.aptar.com\/#website","url":"https:\/\/closures.latamcatalog.aptar.com\/","name":"Aptar","description":"","publisher":{"@id":"https:\/\/closures.latamcatalog.aptar.com\/#organization"},"potentialAction":[{"@type":"SearchAction","target":{"@type":"EntryPoint","urlTemplate":"https:\/\/closures.latamcatalog.aptar.com\/?s={search_term_string}"},"query-input":{"@type":"PropertyValueSpecification","valueRequired":true,"valueName":"search_term_string"}}],"inLanguage":"pt-BR"},{"@type":"Organization","@id":"https:\/\/closures.latamcatalog.aptar.com\/#organization","name":"Aptar","url":"https:\/\/closures.latamcatalog.aptar.com\/","logo":{"@type":"ImageObject","inLanguage":"pt-BR","@id":"https:\/\/closures.latamcatalog.aptar.com\/#\/schema\/logo\/image\/","url":"https:\/\/live-closureslatamcatalog2.pantheonsite.io\/wp-content\/uploads\/2022\/09\/00.Logo_Aptar_Closures.png","contentUrl":"https:\/\/live-closureslatamcatalog2.pantheonsite.io\/wp-content\/uploads\/2022\/09\/00.Logo_Aptar_Closures.png","width":1448,"height":492,"caption":"Aptar"},"image":{"@id":"https:\/\/closures.latamcatalog.aptar.com\/#\/schema\/logo\/image\/"}}]}},"_links":{"self":[{"href":"https:\/\/closures.latamcatalog.aptar.com\/pt\/wp-json\/wp\/v2\/product\/22779","targetHints":{"allow":["GET"]}}],"collection":[{"href":"https:\/\/closures.latamcatalog.aptar.com\/pt\/wp-json\/wp\/v2\/product"}],"about":[{"href":"https:\/\/closures.latamcatalog.aptar.com\/pt\/wp-json\/wp\/v2\/types\/product"}],"wp:featuredmedia":[{"embeddable":true,"href":"https:\/\/closures.latamcatalog.aptar.com\/pt\/wp-json\/wp\/v2\/media\/23460"}],"wp:attachment":[{"href":"https:\/\/closures.latamcatalog.aptar.com\/pt\/wp-json\/wp\/v2\/media?parent=22779"}],"wp:term":[{"taxonomy":"product_cat","embeddable":true,"href":"https:\/\/closures.latamcatalog.aptar.com\/pt\/wp-json\/wp\/v2\/product_cat?post=22779"},{"taxonomy":"product_tag","embeddable":true,"href":"https:\/\/closures.latamcatalog.aptar.com\/pt\/wp-json\/wp\/v2\/product_tag?post=22779"}],"curies":[{"name":"wp","href":"https:\/\/api.w.org\/{rel}","templated":true}]}}